{"id":27,"date":"2018-06-10T12:32:50","date_gmt":"2018-06-10T09:32:50","guid":{"rendered":"http:\/\/studiolegale.xn--80afnba6ci.xn--90ae\/?page_id=27"},"modified":"2018-06-10T12:32:50","modified_gmt":"2018-06-10T09:32:50","slug":"diritto-delle-obbligazioni","status":"publish","type":"page","link":"http:\/\/studiolegale.bg\/?page_id=27&lang=it","title":{"rendered":"Diritto delle obbligazioni"},"content":{"rendered":"<p>I nostri servizi:<\/p>\n<ul>\n<li>consulenza per l\u2019ordinamento giuridico in Bulgaria in materia di rapporti di obbligazione \u2013 vigore dei contratti, invalidit\u00e0 (nullit\u00e0 e annullabilit\u00e0) dei contratti, rappresentanza; danno da atti illeciti, ingiustificato arricchimento, adempimento e inadempimento, cessione di crediti e debiti, estinzione di debiti; prescrizione estintiva, obbligazione solidale, garanzie su crediti (fidejussione, pegno, ipoteca, ecc.);<\/li>\n<li>consulenza per contratti di obbligazione (vendita, permuta, donazione, locazione di beni mobili e immobili, prestito, lavorazione, commissione, deposito, ecc.);<\/li>\n<li>redazione di ogni tipo di contratto di obbligazione;<\/li>\n<li>partecipazione in trattative e rappresentanza per stipula di contratti di obbligazione;<\/li>\n<li>assistenza e rappresentanza nei confronti degli organi amministrativi bulgari in merito a ogni tipo di contratto di diritto civile;<\/li>\n<li>consulenza in merito ad accordi extragiudiziali per la risoluzione di controversie civili e rappresentanza durante la stipula di accordi extragiudiziali;<\/li>\n<li>rappresentanza in giudizio presso tribunali e corti arbitrali bulgari in merito a controversie civili (per contratti, rappresentanza, danni da atti illeciti, pegni, ipoteche, ecc.).<\/li>\n<\/ul>\n<p><em>Parole<\/em> <em>chiave<\/em><em>: <\/em><em>consulenza<\/em><em>, <\/em><em>contratto<\/em><em>, <\/em><em>vendita<\/em><em>, <\/em><em>permuta<\/em><em>, <\/em><em>donazione<\/em><em>, <\/em><em>locazione<\/em> <em>di<\/em> <em>beni<\/em> <em>mobili<\/em> <em>e<\/em> <em>immobili<\/em><em>, <\/em><em>lavorazione<\/em><em>, <\/em><em>commissione<\/em><em>, <\/em><em>deposito<\/em><em>, <\/em><em>rappresentanza<\/em><em>, <\/em><em>fidejussione<\/em><em>, <\/em><em>pegno<\/em><em>, <\/em><em>ipoteca<\/em><em>, <\/em><em>causa<\/em> <em>legale<\/em><em>.<\/em><\/p>\n","protected":false},"excerpt":{"rendered":"<p>I nostri servizi: consulenza per l\u2019ordinamento giuridico in Bulgaria in materia di rapporti di obbligazione \u2013 vigore dei contratti, invalidit\u00e0 (nullit\u00e0 e annullabilit\u00e0) dei contratti, rappresentanza; danno da atti illeciti, ingiustificato arricchimento, adempimento e inadempimento, cessione di crediti e debiti, estinzione di debiti; prescrizione estintiva, obbligazione solidale, garanzie su crediti (fidejussione, pegno, ipoteca, ecc.); consulenza [&hellip;]<\/p>\n","protected":false},"author":1,"featured_media":0,"parent":0,"menu_order":0,"comment_status":"closed","ping_status":"closed","template":"","meta":{"_et_pb_use_builder":"","_et_pb_old_content":"","_et_gb_content_width":"","footnotes":""},"class_list":["post-27","page","type-page","status-publish","hentry"],"_links":{"self":[{"href":"http:\/\/studiolegale.bg\/index.php?rest_route=\/wp\/v2\/pages\/27","targetHints":{"allow":["GET"]}}],"collection":[{"href":"http:\/\/studiolegale.bg\/index.php?rest_route=\/wp\/v2\/pages"}],"about":[{"href":"http:\/\/studiolegale.bg\/index.php?rest_route=\/wp\/v2\/types\/page"}],"author":[{"embeddable":true,"href":"http:\/\/studiolegale.bg\/index.php?rest_route=\/wp\/v2\/users\/1"}],"replies":[{"embeddable":true,"href":"http:\/\/studiolegale.bg\/index.php?rest_route=%2Fwp%2Fv2%2Fcomments&post=27"}],"version-history":[{"count":1,"href":"http:\/\/studiolegale.bg\/index.php?rest_route=\/wp\/v2\/pages\/27\/revisions"}],"predecessor-version":[{"id":28,"href":"http:\/\/studiolegale.bg\/index.php?rest_route=\/wp\/v2\/pages\/27\/revisions\/28"}],"wp:attachment":[{"href":"http:\/\/studiolegale.bg\/index.php?rest_route=%2Fwp%2Fv2%2Fmedia&parent=27"}],"curies":[{"name":"wp","href":"https:\/\/api.w.org\/{rel}","templated":true}]}}